{"id":10235,"date":"2021-01-04T05:55:06","date_gmt":"2021-01-04T05:55:06","guid":{"rendered":"https:\/\/hold-consulting.com\/dienstleistungen\/"},"modified":"2022-11-02T12:46:25","modified_gmt":"2022-11-02T12:46:25","slug":"dienstleistungen","status":"publish","type":"page","link":"https:\/\/hold-consulting.com\/de\/dienstleistungen\/","title":{"rendered":"Dienstleistungen"},"content":{"rendered":"\t\t<div data-elementor-type=\"wp-page\" data-elementor-id=\"10235\" class=\"elementor elementor-10235 elementor-3808\">\n\t\t\t\t\t\t\t\t\t<section class=\"elementor-section elementor-top-section elementor-element elementor-element-0547018 elementor-section-boxed elementor-section-height-default elementor-section-height-default\" data-id=\"0547018\" data-element_type=\"section\" data-settings=\"{&quot;background_background&quot;:&quot;classic&quot;}\">\n\t\t\t\t\t\t<div class=\"elementor-container elementor-column-gap-no\">\n\t\t\t\t\t<div class=\"elementor-column elementor-col-100 elementor-top-column elementor-element elementor-element-b98807b\" data-id=\"b98807b\" data-element_type=\"column\">\n\t\t\t<div class=\"elementor-widget-wrap elementor-element-populated\">\n\t\t\t\t\t\t\t\t<div class=\"elementor-element elementor-element-e73b5bc elementor-widget elementor-widget-rt-section-heading\" data-id=\"e73b5bc\" data-element_type=\"widget\" data-widget_type=\"rt-section-heading.default\">\n\t\t\t\t<div class=\"elementor-widget-container\">\n\t\t\t\n<div class=\"section-heading2\">\n\t\t<h2 class=\"heading-main-title\">Services<\/h2>\n\t<\/div>\t\t<\/div>\n\t\t\t\t<\/div>\n\t\t\t\t<div class=\"elementor-element elementor-element-4c89f99 elementor-widget-divider--view-line elementor-invisible elementor-widget elementor-widget-divider\" data-id=\"4c89f99\" data-element_type=\"widget\" data-settings=\"{&quot;_animation&quot;:&quot;fadeIn&quot;,&quot;_animation_delay&quot;:150}\" data-widget_type=\"divider.default\">\n\t\t\t\t<div class=\"elementor-widget-container\">\n\t\t\t\t\t<div class=\"elementor-divider\">\n\t\t\t<span class=\"elementor-divider-separator\">\n\t\t\t\t\t\t<\/span>\n\t\t<\/div>\n\t\t\t\t<\/div>\n\t\t\t\t<\/div>\n\t\t\t\t<div class=\"elementor-element elementor-element-99e0957 elementor-widget elementor-widget-heading\" data-id=\"99e0957\" data-element_type=\"widget\" data-widget_type=\"heading.default\">\n\t\t\t\t<div class=\"elementor-widget-container\">\n\t\t\t<h2 class=\"elementor-heading-title elementor-size-default\">Hold Consulting bietet Beratungsleistungen in den Bereichen internationaler Handel, Wirtschaftspolitik, Innovation &amp; geistiges Eigentum, Technologiemanagement &amp; digitale Transformation, Public Affairs sowie ESG &amp; nachhaltige Entwicklung.<\/h2>\t\t<\/div>\n\t\t\t\t<\/div>\n\t\t\t\t<section class=\"elementor-section elementor-inner-section elementor-element elementor-element-c416d6e tyy elementor-section-boxed elementor-section-height-default elementor-section-height-default\" data-id=\"c416d6e\" data-element_type=\"section\">\n\t\t\t\t\t\t<div class=\"elementor-container elementor-column-gap-default\">\n\t\t\t\t\t<div class=\"elementor-column elementor-col-33 elementor-inner-column elementor-element elementor-element-a77bea7\" data-id=\"a77bea7\" data-element_type=\"column\">\n\t\t\t<div class=\"elementor-widget-wrap elementor-element-populated\">\n\t\t\t\t\t\t\t\t<div class=\"elementor-element elementor-element-bcb4d2b elementor-vertical-align-top elementor-widget elementor-widget-image-box\" data-id=\"bcb4d2b\" data-element_type=\"widget\" data-widget_type=\"image-box.default\">\n\t\t\t\t<div class=\"elementor-widget-container\">\n\t\t\t<div class=\"elementor-image-box-wrapper\"><figure class=\"elementor-image-box-img\"><img width=\"512\" height=\"512\" src=\"https:\/\/hold-consulting.com\/wp-content\/uploads\/2022\/10\/International-Trade.png\" class=\"attachment-full size-full\" alt=\"\" loading=\"lazy\" \/><\/figure><div class=\"elementor-image-box-content\"><h3 class=\"elementor-image-box-title\">Internationaler Handel <\/h3><p class=\"elementor-image-box-description\">Massgeschneiderte Beratung zu rechtlichen, \u00f6konomischen und wirtschaftspolitischen Aspekten des internationalen Handels f\u00fcr global t\u00e4tige Unternehmen und den \u00f6ffentlichen Sektor (mit besonderem Fokus auf Marktzugang, Handelsabkommen sowie nachhaltige Entwicklung).<\/p><\/div><\/div>\t\t<\/div>\n\t\t\t\t<\/div>\n\t\t\t\t\t<\/div>\n\t\t<\/div>\n\t\t\t\t<div class=\"elementor-column elementor-col-33 elementor-inner-column elementor-element elementor-element-8d3392d\" data-id=\"8d3392d\" data-element_type=\"column\">\n\t\t\t<div class=\"elementor-widget-wrap elementor-element-populated\">\n\t\t\t\t\t\t\t\t<div class=\"elementor-element elementor-element-e4757c9 elementor-vertical-align-top elementor-widget elementor-widget-image-box\" data-id=\"e4757c9\" data-element_type=\"widget\" data-widget_type=\"image-box.default\">\n\t\t\t\t<div class=\"elementor-widget-container\">\n\t\t\t<div class=\"elementor-image-box-wrapper\"><figure class=\"elementor-image-box-img\"><img width=\"512\" height=\"512\" src=\"https:\/\/hold-consulting.com\/wp-content\/uploads\/2022\/10\/Economic-Policy.png\" class=\"attachment-full size-full\" alt=\"\" loading=\"lazy\" \/><\/figure><div class=\"elementor-image-box-content\"><h3 class=\"elementor-image-box-title\">Wirtschaftspolitik <\/h3><p class=\"elementor-image-box-description\">Unterst\u00fctzung von politischen Entscheidungstr\u00e4gern, Gesetzgebern und Marktteilnehmern bei komplexen wirtschaftspolitischen Fragestellungen und Entscheidungsprozessen.<\/p><\/div><\/div>\t\t<\/div>\n\t\t\t\t<\/div>\n\t\t\t\t\t<\/div>\n\t\t<\/div>\n\t\t\t\t<div class=\"elementor-column elementor-col-33 elementor-inner-column elementor-element elementor-element-aa1103e\" data-id=\"aa1103e\" data-element_type=\"column\">\n\t\t\t<div class=\"elementor-widget-wrap elementor-element-populated\">\n\t\t\t\t\t\t\t\t<div class=\"elementor-element elementor-element-bfb67cf elementor-vertical-align-top elementor-widget elementor-widget-image-box\" data-id=\"bfb67cf\" data-element_type=\"widget\" data-widget_type=\"image-box.default\">\n\t\t\t\t<div class=\"elementor-widget-container\">\n\t\t\t<div class=\"elementor-image-box-wrapper\"><figure class=\"elementor-image-box-img\"><img width=\"512\" height=\"512\" src=\"https:\/\/hold-consulting.com\/wp-content\/uploads\/2022\/10\/Innovation-e1666342893997.png\" class=\"attachment-full size-full\" alt=\"\" loading=\"lazy\" \/><\/figure><div class=\"elementor-image-box-content\"><h3 class=\"elementor-image-box-title\">Innovation &amp; geistiges Eigentum<\/h3><p class=\"elementor-image-box-description\">Unterst\u00fctzung unserer Kunden bei der erfolgreichen Bew\u00e4ltigung der komplexen Herausforderungen in heutigen und k\u00fcnftigen Innovations\u00f6kosystemen.<\/p><\/div><\/div>\t\t<\/div>\n\t\t\t\t<\/div>\n\t\t\t\t\t<\/div>\n\t\t<\/div>\n\t\t\t\t\t\t\t<\/div>\n\t\t<\/section>\n\t\t\t\t<section class=\"elementor-section elementor-inner-section elementor-element elementor-element-cce52bd tyy elementor-section-boxed elementor-section-height-default elementor-section-height-default\" data-id=\"cce52bd\" data-element_type=\"section\">\n\t\t\t\t\t\t<div class=\"elementor-container elementor-column-gap-default\">\n\t\t\t\t\t<div class=\"elementor-column elementor-col-33 elementor-inner-column elementor-element elementor-element-036d37c\" data-id=\"036d37c\" data-element_type=\"column\">\n\t\t\t<div class=\"elementor-widget-wrap elementor-element-populated\">\n\t\t\t\t\t\t\t\t<div class=\"elementor-element elementor-element-5444da3 elementor-vertical-align-top elementor-widget elementor-widget-image-box\" data-id=\"5444da3\" data-element_type=\"widget\" data-widget_type=\"image-box.default\">\n\t\t\t\t<div class=\"elementor-widget-container\">\n\t\t\t<div class=\"elementor-image-box-wrapper\"><figure class=\"elementor-image-box-img\"><img width=\"512\" height=\"512\" src=\"https:\/\/hold-consulting.com\/wp-content\/uploads\/2022\/10\/Technology-Management-_-digital-Transformation.png\" class=\"attachment-full size-full\" alt=\"\" loading=\"lazy\" \/><\/figure><div class=\"elementor-image-box-content\"><h3 class=\"elementor-image-box-title\">Technologiemanagement &amp; digitale Transformation<\/h3><p class=\"elementor-image-box-description\">Wir unterst\u00fctzen unserer Kunden auf ihrem Weg durch die digitale und technologische Transformation und liefern Analysen zu k\u00fcnftigen technologischen Trends.<\/p><\/div><\/div>\t\t<\/div>\n\t\t\t\t<\/div>\n\t\t\t\t\t<\/div>\n\t\t<\/div>\n\t\t\t\t<div class=\"elementor-column elementor-col-33 elementor-inner-column elementor-element elementor-element-5d1e728\" data-id=\"5d1e728\" data-element_type=\"column\">\n\t\t\t<div class=\"elementor-widget-wrap elementor-element-populated\">\n\t\t\t\t\t\t\t\t<div class=\"elementor-element elementor-element-1d30cba elementor-vertical-align-top elementor-widget elementor-widget-image-box\" data-id=\"1d30cba\" data-element_type=\"widget\" data-widget_type=\"image-box.default\">\n\t\t\t\t<div class=\"elementor-widget-container\">\n\t\t\t<div class=\"elementor-image-box-wrapper\"><figure class=\"elementor-image-box-img\"><img width=\"512\" height=\"512\" src=\"https:\/\/hold-consulting.com\/wp-content\/uploads\/2022\/10\/Public-Affairs.png\" class=\"attachment-full size-full\" alt=\"\" loading=\"lazy\" \/><\/figure><div class=\"elementor-image-box-content\"><h3 class=\"elementor-image-box-title\">Public Affairs<\/h3><p class=\"elementor-image-box-description\">Strategische Kommunikation unter Einbezug aller relevanten Anspruchsgruppen zur Erkl\u00e4rung von Unternehmensprozessen und Entscheidungen an der Schnittstelle zwischen Politik, Wirtschaft und Gesellschaft.<\/p><\/div><\/div>\t\t<\/div>\n\t\t\t\t<\/div>\n\t\t\t\t\t<\/div>\n\t\t<\/div>\n\t\t\t\t<div class=\"elementor-column elementor-col-33 elementor-inner-column elementor-element elementor-element-c78a489\" data-id=\"c78a489\" data-element_type=\"column\">\n\t\t\t<div class=\"elementor-widget-wrap elementor-element-populated\">\n\t\t\t\t\t\t\t\t<div class=\"elementor-element elementor-element-5dccc58 elementor-vertical-align-top elementor-widget elementor-widget-image-box\" data-id=\"5dccc58\" data-element_type=\"widget\" data-widget_type=\"image-box.default\">\n\t\t\t\t<div class=\"elementor-widget-container\">\n\t\t\t<div class=\"elementor-image-box-wrapper\"><figure class=\"elementor-image-box-img\"><img width=\"512\" height=\"512\" src=\"https:\/\/hold-consulting.com\/wp-content\/uploads\/2022\/10\/ESG.png\" class=\"attachment-full size-full\" alt=\"\" loading=\"lazy\" \/><\/figure><div class=\"elementor-image-box-content\"><h3 class=\"elementor-image-box-title\">ESG &amp; nachhaltige Entwicklung<\/h3><p class=\"elementor-image-box-description\">Wir unterst\u00fctzen unsere Kunden dabei, Umwelt-, Sozial- und Governance-Themen (ESG) zu einem integralen Bestandteil einer nachhaltigen Gesch\u00e4ftsstrategie zu machen, Wachstumschancen zu erschliessen und m\u00f6glichen Reputationsrisiken im Kontext einer zunehmend bewussten \u00d6ffentlichkeit vorzubeugen.<\/p><\/div><\/div>\t\t<\/div>\n\t\t\t\t<\/div>\n\t\t\t\t\t<\/div>\n\t\t<\/div>\n\t\t\t\t\t\t\t<\/div>\n\t\t<\/section>\n\t\t\t\t\t<\/div>\n\t\t<\/div>\n\t\t\t\t\t\t\t<\/div>\n\t\t<\/section>\n\t\t\t\t\t\t\t<\/div>\n\t\t","protected":false},"excerpt":{"rendered":"<p>Services Hold Consulting bietet Beratungsleistungen in den Bereichen internationaler Handel, Wirtschaftspolitik, Innovation &amp; geistiges Eigentum, Technologiemanagement &amp; digitale Transformation, Public Affairs sowie ESG &amp; nachhaltige Entwicklung. Internationaler Handel Massgeschneiderte Beratung zu rechtlichen, \u00f6konomischen und wirtschaftspolitischen Aspekten des internationalen Handels f\u00fcr global t\u00e4tige Unternehmen und den \u00f6ffentlichen Sektor (mit besonderem Fokus auf Marktzugang, Handelsabkommen sowie nachhaltige&#8230;<\/p>\n","protected":false},"author":1,"featured_media":0,"parent":0,"menu_order":0,"comment_status":"closed","ping_status":"closed","template":"templates\/blank.php","meta":[],"yoast_head":"<!-- This site is optimized with the Yoast SEO plugin v19.9 - https:\/\/yoast.com\/wordpress\/plugins\/seo\/ -->\n<title>Dienstleistungen - Hold Consulting<\/title>\n<meta name=\"description\" content=\"Hold Consulting provides advisory services in the areas of international trade, economic policy, innovation &amp; intellectual property, technology management &amp; digital transformation, public affairs, as well as ESG &amp; sustainable development.\" \/>\n<meta name=\"robots\" content=\"index, follow, max-snippet:-1, max-image-preview:large, max-video-preview:-1\" \/>\n<link rel=\"canonical\" href=\"https:\/\/hold-consulting.com\/de\/dienstleistungen\/\" \/>\n<meta property=\"og:locale\" content=\"de_DE\" \/>\n<meta property=\"og:type\" content=\"article\" \/>\n<meta property=\"og:title\" content=\"Dienstleistungen - Hold Consulting\" \/>\n<meta property=\"og:description\" content=\"Hold Consulting provides advisory services in the areas of international trade, economic policy, innovation &amp; intellectual property, technology management &amp; digital transformation, public affairs, as well as ESG &amp; sustainable development.\" \/>\n<meta property=\"og:url\" content=\"https:\/\/hold-consulting.com\/de\/dienstleistungen\/\" \/>\n<meta property=\"og:site_name\" content=\"Hold Consulting\" \/>\n<meta property=\"article:modified_time\" content=\"2022-11-02T12:46:25+00:00\" \/>\n<meta property=\"og:image\" content=\"https:\/\/hold-consulting.com\/wp-content\/uploads\/2022\/10\/International-Trade.png\" \/>\n<meta name=\"twitter:card\" content=\"summary_large_image\" \/>\n<meta name=\"twitter:label1\" content=\"Gesch\u00e4tzte Lesezeit\" \/>\n\t<meta name=\"twitter:data1\" content=\"1\u00a0Minute\" \/>\n<script type=\"application\/ld+json\" class=\"yoast-schema-graph\">{\"@context\":\"https:\/\/schema.org\",\"@graph\":[{\"@type\":\"WebPage\",\"@id\":\"https:\/\/hold-consulting.com\/de\/dienstleistungen\/\",\"url\":\"https:\/\/hold-consulting.com\/de\/dienstleistungen\/\",\"name\":\"Dienstleistungen - Hold Consulting\",\"isPartOf\":{\"@id\":\"https:\/\/hold-consulting.com\/#website\"},\"datePublished\":\"2021-01-04T05:55:06+00:00\",\"dateModified\":\"2022-11-02T12:46:25+00:00\",\"description\":\"Hold Consulting provides advisory services in the areas of international trade, economic policy, innovation & intellectual property, technology management & digital transformation, public affairs, as well as ESG & sustainable development.\",\"breadcrumb\":{\"@id\":\"https:\/\/hold-consulting.com\/de\/dienstleistungen\/#breadcrumb\"},\"inLanguage\":\"de\",\"potentialAction\":[{\"@type\":\"ReadAction\",\"target\":[\"https:\/\/hold-consulting.com\/de\/dienstleistungen\/\"]}]},{\"@type\":\"BreadcrumbList\",\"@id\":\"https:\/\/hold-consulting.com\/de\/dienstleistungen\/#breadcrumb\",\"itemListElement\":[{\"@type\":\"ListItem\",\"position\":1,\"name\":\"Home\",\"item\":\"https:\/\/hold-consulting.com\/de\/home\/\"},{\"@type\":\"ListItem\",\"position\":2,\"name\":\"Dienstleistungen\"}]},{\"@type\":\"WebSite\",\"@id\":\"https:\/\/hold-consulting.com\/#website\",\"url\":\"https:\/\/hold-consulting.com\/\",\"name\":\"Hold Consulting\",\"description\":\"Trade-innovation-ESG\",\"potentialAction\":[{\"@type\":\"SearchAction\",\"target\":{\"@type\":\"EntryPoint\",\"urlTemplate\":\"https:\/\/hold-consulting.com\/?s={search_term_string}\"},\"query-input\":\"required name=search_term_string\"}],\"inLanguage\":\"de\"}]}<\/script>\n<!-- \/ Yoast SEO plugin. -->","yoast_head_json":{"title":"Dienstleistungen - Hold Consulting","description":"Hold Consulting provides advisory services in the areas of international trade, economic policy, innovation & intellectual property, technology management & digital transformation, public affairs, as well as ESG & sustainable development.","robots":{"index":"index","follow":"follow","max-snippet":"max-snippet:-1","max-image-preview":"max-image-preview:large","max-video-preview":"max-video-preview:-1"},"canonical":"https:\/\/hold-consulting.com\/de\/dienstleistungen\/","og_locale":"de_DE","og_type":"article","og_title":"Dienstleistungen - Hold Consulting","og_description":"Hold Consulting provides advisory services in the areas of international trade, economic policy, innovation & intellectual property, technology management & digital transformation, public affairs, as well as ESG & sustainable development.","og_url":"https:\/\/hold-consulting.com\/de\/dienstleistungen\/","og_site_name":"Hold Consulting","article_modified_time":"2022-11-02T12:46:25+00:00","og_image":[{"url":"https:\/\/hold-consulting.com\/wp-content\/uploads\/2022\/10\/International-Trade.png"}],"twitter_card":"summary_large_image","twitter_misc":{"Gesch\u00e4tzte Lesezeit":"1\u00a0Minute"},"schema":{"@context":"https:\/\/schema.org","@graph":[{"@type":"WebPage","@id":"https:\/\/hold-consulting.com\/de\/dienstleistungen\/","url":"https:\/\/hold-consulting.com\/de\/dienstleistungen\/","name":"Dienstleistungen - Hold Consulting","isPartOf":{"@id":"https:\/\/hold-consulting.com\/#website"},"datePublished":"2021-01-04T05:55:06+00:00","dateModified":"2022-11-02T12:46:25+00:00","description":"Hold Consulting provides advisory services in the areas of international trade, economic policy, innovation & intellectual property, technology management & digital transformation, public affairs, as well as ESG & sustainable development.","breadcrumb":{"@id":"https:\/\/hold-consulting.com\/de\/dienstleistungen\/#breadcrumb"},"inLanguage":"de","potentialAction":[{"@type":"ReadAction","target":["https:\/\/hold-consulting.com\/de\/dienstleistungen\/"]}]},{"@type":"BreadcrumbList","@id":"https:\/\/hold-consulting.com\/de\/dienstleistungen\/#breadcrumb","itemListElement":[{"@type":"ListItem","position":1,"name":"Home","item":"https:\/\/hold-consulting.com\/de\/home\/"},{"@type":"ListItem","position":2,"name":"Dienstleistungen"}]},{"@type":"WebSite","@id":"https:\/\/hold-consulting.com\/#website","url":"https:\/\/hold-consulting.com\/","name":"Hold Consulting","description":"Trade-innovation-ESG","potentialAction":[{"@type":"SearchAction","target":{"@type":"EntryPoint","urlTemplate":"https:\/\/hold-consulting.com\/?s={search_term_string}"},"query-input":"required name=search_term_string"}],"inLanguage":"de"}]}},"_links":{"self":[{"href":"https:\/\/hold-consulting.com\/de\/wp-json\/wp\/v2\/pages\/10235"}],"collection":[{"href":"https:\/\/hold-consulting.com\/de\/wp-json\/wp\/v2\/pages"}],"about":[{"href":"https:\/\/hold-consulting.com\/de\/wp-json\/wp\/v2\/types\/page"}],"author":[{"embeddable":true,"href":"https:\/\/hold-consulting.com\/de\/wp-json\/wp\/v2\/users\/1"}],"replies":[{"embeddable":true,"href":"https:\/\/hold-consulting.com\/de\/wp-json\/wp\/v2\/comments?post=10235"}],"version-history":[{"count":5,"href":"https:\/\/hold-consulting.com\/de\/wp-json\/wp\/v2\/pages\/10235\/revisions"}],"predecessor-version":[{"id":10410,"href":"https:\/\/hold-consulting.com\/de\/wp-json\/wp\/v2\/pages\/10235\/revisions\/10410"}],"wp:attachment":[{"href":"https:\/\/hold-consulting.com\/de\/wp-json\/wp\/v2\/media?parent=10235"}],"curies":[{"name":"wp","href":"https:\/\/api.w.org\/{rel}","templated":true}]}}