{"id":10212,"date":"2020-12-04T11:07:00","date_gmt":"2020-12-04T11:07:00","guid":{"rendered":"https:\/\/hold-consulting.com\/um\/"},"modified":"2022-11-02T09:33:21","modified_gmt":"2022-11-02T09:33:21","slug":"ueber-uns","status":"publish","type":"page","link":"https:\/\/hold-consulting.com\/de\/ueber-uns\/","title":{"rendered":"\u00dcber uns"},"content":{"rendered":"\t\t<div data-elementor-type=\"wp-page\" data-elementor-id=\"10212\" class=\"elementor elementor-10212 elementor-575\">\n\t\t\t\t\t\t\t\t\t<section class=\"elementor-section elementor-top-section elementor-element elementor-element-53181df elementor-section-boxed elementor-section-height-default elementor-section-height-default\" data-id=\"53181df\" data-element_type=\"section\" data-settings=\"{&quot;background_background&quot;:&quot;classic&quot;}\">\n\t\t\t\t\t\t<div class=\"elementor-container elementor-column-gap-no\">\n\t\t\t\t\t<div class=\"elementor-column elementor-col-100 elementor-top-column elementor-element elementor-element-cbda3c6\" data-id=\"cbda3c6\" data-element_type=\"column\">\n\t\t\t<div class=\"elementor-widget-wrap elementor-element-populated\">\n\t\t\t\t\t\t\t\t<div class=\"elementor-element elementor-element-56a6919 elementor-widget elementor-widget-rt-section-heading\" data-id=\"56a6919\" data-element_type=\"widget\" data-widget_type=\"rt-section-heading.default\">\n\t\t\t\t<div class=\"elementor-widget-container\">\n\t\t\t\n<div class=\"section-heading2\">\n\t\t<h2 class=\"heading-main-title\">\n\u00dcber uns<\/h2>\n\t<\/div>\t\t<\/div>\n\t\t\t\t<\/div>\n\t\t\t\t<div class=\"elementor-element elementor-element-49b26c1 elementor-widget-divider--view-line elementor-invisible elementor-widget elementor-widget-divider\" data-id=\"49b26c1\" data-element_type=\"widget\" data-settings=\"{&quot;_animation&quot;:&quot;fadeIn&quot;,&quot;_animation_delay&quot;:150}\" data-widget_type=\"divider.default\">\n\t\t\t\t<div class=\"elementor-widget-container\">\n\t\t\t\t\t<div class=\"elementor-divider\">\n\t\t\t<span class=\"elementor-divider-separator\">\n\t\t\t\t\t\t<\/span>\n\t\t<\/div>\n\t\t\t\t<\/div>\n\t\t\t\t<\/div>\n\t\t\t\t<section class=\"elementor-section elementor-inner-section elementor-element elementor-element-7fda4c6 elementor-section-boxed elementor-section-height-default elementor-section-height-default\" data-id=\"7fda4c6\" data-element_type=\"section\">\n\t\t\t\t\t\t<div class=\"elementor-container elementor-column-gap-default\">\n\t\t\t\t\t<div class=\"elementor-column elementor-col-50 elementor-inner-column elementor-element elementor-element-cdd723c\" data-id=\"cdd723c\" data-element_type=\"column\">\n\t\t\t<div class=\"elementor-widget-wrap elementor-element-populated\">\n\t\t\t\t\t\t\t\t<div class=\"elementor-element elementor-element-c378609 elementor-widget elementor-widget-image\" data-id=\"c378609\" data-element_type=\"widget\" data-widget_type=\"image.default\">\n\t\t\t\t<div class=\"elementor-widget-container\">\n\t\t\t\t\t\t\t\t\t\t\t\t\t\t\t<img width=\"2244\" height=\"1535\" src=\"https:\/\/hold-consulting.com\/wp-content\/uploads\/2022\/10\/Pic4.jpg\" class=\"attachment-full size-full\" alt=\"\" loading=\"lazy\" srcset=\"https:\/\/hold-consulting.com\/wp-content\/uploads\/2022\/10\/Pic4.jpg 2244w, https:\/\/hold-consulting.com\/wp-content\/uploads\/2022\/10\/Pic4-300x205.jpg 300w, https:\/\/hold-consulting.com\/wp-content\/uploads\/2022\/10\/Pic4-1024x700.jpg 1024w, https:\/\/hold-consulting.com\/wp-content\/uploads\/2022\/10\/Pic4-768x525.jpg 768w, https:\/\/hold-consulting.com\/wp-content\/uploads\/2022\/10\/Pic4-1536x1051.jpg 1536w, https:\/\/hold-consulting.com\/wp-content\/uploads\/2022\/10\/Pic4-2048x1401.jpg 2048w\" sizes=\"(max-width: 2244px) 100vw, 2244px\" \/>\t\t\t\t\t\t\t\t\t\t\t\t\t\t\t<\/div>\n\t\t\t\t<\/div>\n\t\t\t\t<div class=\"elementor-element elementor-element-4ec0ddbb elementor-widget elementor-widget-heading\" data-id=\"4ec0ddbb\" data-element_type=\"widget\" data-widget_type=\"heading.default\">\n\t\t\t\t<div class=\"elementor-widget-container\">\n\t\t\t<h2 class=\"elementor-heading-title elementor-size-default\">Dr. Arno Hold, Inhaber<\/h2>\t\t<\/div>\n\t\t\t\t<\/div>\n\t\t\t\t<div class=\"elementor-element elementor-element-3298892 elementor-widget elementor-widget-heading\" data-id=\"3298892\" data-element_type=\"widget\" data-widget_type=\"heading.default\">\n\t\t\t\t<div class=\"elementor-widget-container\">\n\t\t\t<h2 class=\"elementor-heading-title elementor-size-default\"><a href=\"https:\/\/hold-consulting.com\/wp-content\/uploads\/2022\/10\/One-Page-CV_ArnoHold_2022-10-14-1.pdf\">Lebenslauf<\/a><\/h2>\t\t<\/div>\n\t\t\t\t<\/div>\n\t\t\t\t<div class=\"elementor-element elementor-element-b84ad0e elementor-widget elementor-widget-heading\" data-id=\"b84ad0e\" data-element_type=\"widget\" data-widget_type=\"heading.default\">\n\t\t\t\t<div class=\"elementor-widget-container\">\n\t\t\t<h2 class=\"elementor-heading-title elementor-size-default\"><a href=\"https:\/\/qrcodes.pro\/cFuAW3?preview=true\">VCard <\/a><\/h2>\t\t<\/div>\n\t\t\t\t<\/div>\n\t\t\t\t<div class=\"elementor-element elementor-element-17b6c3b mt elementor-widget-mobile__width-auto elementor-view-default elementor-vertical-align-top elementor-widget elementor-widget-icon-box\" data-id=\"17b6c3b\" data-element_type=\"widget\" data-widget_type=\"icon-box.default\">\n\t\t\t\t<div class=\"elementor-widget-container\">\n\t\t\t\t\t<div class=\"elementor-icon-box-wrapper\">\n\t\t\t\t\t\t<div class=\"elementor-icon-box-content\">\n\t\t\t\t<h3 class=\"elementor-icon-box-title\">\n\t\t\t\t\t<a href=\"https:\/\/www.linkedin.com\/in\/arno-hold\/\" >\n\t\t\t\t\t\tLinkedin\t\t\t\t\t<\/a>\n\t\t\t\t<\/h3>\n\t\t\t\t\t\t\t<\/div>\n\t\t<\/div>\n\t\t\t\t<\/div>\n\t\t\t\t<\/div>\n\t\t\t\t\t<\/div>\n\t\t<\/div>\n\t\t\t\t<div class=\"elementor-column elementor-col-50 elementor-inner-column elementor-element elementor-element-5e6cf51\" data-id=\"5e6cf51\" data-element_type=\"column\">\n\t\t\t<div class=\"elementor-widget-wrap elementor-element-populated\">\n\t\t\t\t\t\t\t\t<div class=\"elementor-element elementor-element-e9ccff6 elementor-widget elementor-widget-text-editor\" data-id=\"e9ccff6\" data-element_type=\"widget\" data-widget_type=\"text-editor.default\">\n\t\t\t\t<div class=\"elementor-widget-container\">\n\t\t\t\t\t\t\t<p>Hold Consulting wurde 2022 von Dr. Arno Hold gegr\u00fcndet.<\/p>\n<p>Dr. Hold verf\u00fcgt \u00fcber mehr als 18 Jahre internationale Berufserfahrung in den Bereichen wirtschaftspolitische Beratung, Handelsregulierung, Innovation &amp; geistiges Eigentum, Technologiemanagement &amp; digitale Transformation, \u00f6ffentliche Gesundheit sowie ESG &amp; nachhaltige Entwicklung.<\/p>\n<p>Er hatte Positionen als \u00d6konom f\u00fcr die UN-Konferenz f\u00fcr Handel und Entwicklung (UNCTAD), als Exekutivdirektor der Internationalen Vereinigung f\u00fcr den Schutz des Geisitgen Eigentums (AIPPI) sowie als Dekan f\u00fcr Au\u00dfenbeziehungen und Dozent f\u00fcr internationalen Handel an der Universit\u00e4t von St.Gallen (HSG) inne.<\/p>\n<p>Er arbeitete ausserdem Post-Doc Fellow und Senior Consultant an der London School of Economics and Political Science (LSE), der University of Hong Kong (HKU) sowie dem World Trade Institute (WTI) in Bern und leitete mehrere gro\u00dfe internationale Projekte zu Innovation, IP und internationalem Handel Dar\u00fcber hinaus erhielt er regelm\u00e4\u00dfig Expertenmandate zur wirtschaftspolitischen Beratung und zur Umsetzung globaler Handelskooperationsprojekte.<\/p>\n<p>Er hat zahlreiche Vorlesungen \u00fcber das Recht und die \u00d6konomie des internationalen Handels, Innovation und geistiges Eigentum gehalten, unter anderem an der Universit\u00e4t St. Gallen (HSG), dem World Trade Institute der Universit\u00e4t Bern, der Transatlantic IP Summer Academy of Bocconi, der South- Western University of Finance &amp; Economics in Chengdu und an der Kalaidos Hochschule f\u00fcr Angewandte Wissenschaften in Z\u00fcrich.<\/p>\n<p>Dr. Hold erhielt sein Ph.D. vom Schweizerischen Institut f\u00fcr Aussenwirtschaft und Angewandte Wirtschaftsforschung der Universit\u00e4t St. Gallen (HSG). Er ist Absolvent des Advanced Master of International Law and Economics Program (MILE) am World Trade Institute der Universit\u00e4t Bern und hat einen Master in Politikwissenschaften an den Universit\u00e4ten Bern, Bologna und Z\u00fcrich abgeschlossen.<\/p>\n<p>Er spricht flie\u00dfend Englisch und Deutsch mit guten Kenntnissen in Franz\u00f6sisch, Spanisch und Italienisch sowie Grundkenntnissen in Mandarin.<\/p>\n\t\t\t\t\t\t<\/div>\n\t\t\t\t<\/div>\n\t\t\t\t\t<\/div>\n\t\t<\/div>\n\t\t\t\t\t\t\t<\/div>\n\t\t<\/section>\n\t\t\t\t\t<\/div>\n\t\t<\/div>\n\t\t\t\t\t\t\t<\/div>\n\t\t<\/section>\n\t\t\t\t\t\t\t<\/div>\n\t\t","protected":false},"excerpt":{"rendered":"<p>\u00dcber uns Dr. Arno Hold, Inhaber Lebenslauf VCard Linkedin Hold Consulting wurde 2022 von Dr. Arno Hold gegr\u00fcndet. Dr. Hold verf\u00fcgt \u00fcber mehr als 18 Jahre internationale Berufserfahrung in den Bereichen wirtschaftspolitische Beratung, Handelsregulierung, Innovation &amp; geistiges Eigentum, Technologiemanagement &amp; digitale Transformation, \u00f6ffentliche Gesundheit sowie ESG &amp; nachhaltige Entwicklung. Er hatte Positionen als \u00d6konom f\u00fcr&#8230;<\/p>\n","protected":false},"author":1,"featured_media":0,"parent":0,"menu_order":0,"comment_status":"closed","ping_status":"closed","template":"templates\/blank.php","meta":[],"yoast_head":"<!-- This site is optimized with the Yoast SEO plugin v19.9 - https:\/\/yoast.com\/wordpress\/plugins\/seo\/ -->\n<title>\u00dcber uns - Hold Consulting<\/title>\n<meta name=\"description\" content=\"Hold Consulting provides advisory services in the areas of international trade, economic policy, innovation &amp; intellectual property, technology management &amp; digital transformation, public affairs, as well as ESG &amp; sustainable development.\" \/>\n<meta name=\"robots\" content=\"index, follow, max-snippet:-1, max-image-preview:large, max-video-preview:-1\" \/>\n<link rel=\"canonical\" href=\"https:\/\/hold-consulting.com\/de\/ueber-uns\/\" \/>\n<meta property=\"og:locale\" content=\"de_DE\" \/>\n<meta property=\"og:type\" content=\"article\" \/>\n<meta property=\"og:title\" content=\"\u00dcber uns - Hold Consulting\" \/>\n<meta property=\"og:description\" content=\"Hold Consulting provides advisory services in the areas of international trade, economic policy, innovation &amp; intellectual property, technology management &amp; digital transformation, public affairs, as well as ESG &amp; sustainable development.\" \/>\n<meta property=\"og:url\" content=\"https:\/\/hold-consulting.com\/de\/ueber-uns\/\" \/>\n<meta property=\"og:site_name\" content=\"Hold Consulting\" \/>\n<meta property=\"article:modified_time\" content=\"2022-11-02T09:33:21+00:00\" \/>\n<meta property=\"og:image\" content=\"https:\/\/hold-consulting.com\/wp-content\/uploads\/2022\/10\/Pic4.jpg\" \/>\n<meta name=\"twitter:card\" content=\"summary_large_image\" \/>\n<meta name=\"twitter:label1\" content=\"Gesch\u00e4tzte Lesezeit\" \/>\n\t<meta name=\"twitter:data1\" content=\"2\u00a0Minuten\" \/>\n<script type=\"application\/ld+json\" class=\"yoast-schema-graph\">{\"@context\":\"https:\/\/schema.org\",\"@graph\":[{\"@type\":\"WebPage\",\"@id\":\"https:\/\/hold-consulting.com\/de\/ueber-uns\/\",\"url\":\"https:\/\/hold-consulting.com\/de\/ueber-uns\/\",\"name\":\"\u00dcber uns - Hold Consulting\",\"isPartOf\":{\"@id\":\"https:\/\/hold-consulting.com\/#website\"},\"datePublished\":\"2020-12-04T11:07:00+00:00\",\"dateModified\":\"2022-11-02T09:33:21+00:00\",\"description\":\"Hold Consulting provides advisory services in the areas of international trade, economic policy, innovation & intellectual property, technology management & digital transformation, public affairs, as well as ESG & sustainable development.\",\"breadcrumb\":{\"@id\":\"https:\/\/hold-consulting.com\/de\/ueber-uns\/#breadcrumb\"},\"inLanguage\":\"de\",\"potentialAction\":[{\"@type\":\"ReadAction\",\"target\":[\"https:\/\/hold-consulting.com\/de\/ueber-uns\/\"]}]},{\"@type\":\"BreadcrumbList\",\"@id\":\"https:\/\/hold-consulting.com\/de\/ueber-uns\/#breadcrumb\",\"itemListElement\":[{\"@type\":\"ListItem\",\"position\":1,\"name\":\"Home\",\"item\":\"https:\/\/hold-consulting.com\/de\/home\/\"},{\"@type\":\"ListItem\",\"position\":2,\"name\":\"\u00dcber uns\"}]},{\"@type\":\"WebSite\",\"@id\":\"https:\/\/hold-consulting.com\/#website\",\"url\":\"https:\/\/hold-consulting.com\/\",\"name\":\"Hold Consulting\",\"description\":\"Trade-innovation-ESG\",\"potentialAction\":[{\"@type\":\"SearchAction\",\"target\":{\"@type\":\"EntryPoint\",\"urlTemplate\":\"https:\/\/hold-consulting.com\/?s={search_term_string}\"},\"query-input\":\"required name=search_term_string\"}],\"inLanguage\":\"de\"}]}<\/script>\n<!-- \/ Yoast SEO plugin. -->","yoast_head_json":{"title":"\u00dcber uns - Hold Consulting","description":"Hold Consulting provides advisory services in the areas of international trade, economic policy, innovation & intellectual property, technology management & digital transformation, public affairs, as well as ESG & sustainable development.","robots":{"index":"index","follow":"follow","max-snippet":"max-snippet:-1","max-image-preview":"max-image-preview:large","max-video-preview":"max-video-preview:-1"},"canonical":"https:\/\/hold-consulting.com\/de\/ueber-uns\/","og_locale":"de_DE","og_type":"article","og_title":"\u00dcber uns - Hold Consulting","og_description":"Hold Consulting provides advisory services in the areas of international trade, economic policy, innovation & intellectual property, technology management & digital transformation, public affairs, as well as ESG & sustainable development.","og_url":"https:\/\/hold-consulting.com\/de\/ueber-uns\/","og_site_name":"Hold Consulting","article_modified_time":"2022-11-02T09:33:21+00:00","og_image":[{"url":"https:\/\/hold-consulting.com\/wp-content\/uploads\/2022\/10\/Pic4.jpg"}],"twitter_card":"summary_large_image","twitter_misc":{"Gesch\u00e4tzte Lesezeit":"2\u00a0Minuten"},"schema":{"@context":"https:\/\/schema.org","@graph":[{"@type":"WebPage","@id":"https:\/\/hold-consulting.com\/de\/ueber-uns\/","url":"https:\/\/hold-consulting.com\/de\/ueber-uns\/","name":"\u00dcber uns - Hold Consulting","isPartOf":{"@id":"https:\/\/hold-consulting.com\/#website"},"datePublished":"2020-12-04T11:07:00+00:00","dateModified":"2022-11-02T09:33:21+00:00","description":"Hold Consulting provides advisory services in the areas of international trade, economic policy, innovation & intellectual property, technology management & digital transformation, public affairs, as well as ESG & sustainable development.","breadcrumb":{"@id":"https:\/\/hold-consulting.com\/de\/ueber-uns\/#breadcrumb"},"inLanguage":"de","potentialAction":[{"@type":"ReadAction","target":["https:\/\/hold-consulting.com\/de\/ueber-uns\/"]}]},{"@type":"BreadcrumbList","@id":"https:\/\/hold-consulting.com\/de\/ueber-uns\/#breadcrumb","itemListElement":[{"@type":"ListItem","position":1,"name":"Home","item":"https:\/\/hold-consulting.com\/de\/home\/"},{"@type":"ListItem","position":2,"name":"\u00dcber uns"}]},{"@type":"WebSite","@id":"https:\/\/hold-consulting.com\/#website","url":"https:\/\/hold-consulting.com\/","name":"Hold Consulting","description":"Trade-innovation-ESG","potentialAction":[{"@type":"SearchAction","target":{"@type":"EntryPoint","urlTemplate":"https:\/\/hold-consulting.com\/?s={search_term_string}"},"query-input":"required name=search_term_string"}],"inLanguage":"de"}]}},"_links":{"self":[{"href":"https:\/\/hold-consulting.com\/de\/wp-json\/wp\/v2\/pages\/10212"}],"collection":[{"href":"https:\/\/hold-consulting.com\/de\/wp-json\/wp\/v2\/pages"}],"about":[{"href":"https:\/\/hold-consulting.com\/de\/wp-json\/wp\/v2\/types\/page"}],"author":[{"embeddable":true,"href":"https:\/\/hold-consulting.com\/de\/wp-json\/wp\/v2\/users\/1"}],"replies":[{"embeddable":true,"href":"https:\/\/hold-consulting.com\/de\/wp-json\/wp\/v2\/comments?post=10212"}],"version-history":[{"count":5,"href":"https:\/\/hold-consulting.com\/de\/wp-json\/wp\/v2\/pages\/10212\/revisions"}],"predecessor-version":[{"id":10355,"href":"https:\/\/hold-consulting.com\/de\/wp-json\/wp\/v2\/pages\/10212\/revisions\/10355"}],"wp:attachment":[{"href":"https:\/\/hold-consulting.com\/de\/wp-json\/wp\/v2\/media?parent=10212"}],"curies":[{"name":"wp","href":"https:\/\/api.w.org\/{rel}","templated":true}]}}